{"id":10150,"date":"2023-03-08T10:46:19","date_gmt":"2023-03-08T09:46:19","guid":{"rendered":"https:\/\/wp13931085.server-he.de\/h2c\/services\/"},"modified":"2023-03-30T22:33:52","modified_gmt":"2023-03-30T20:33:52","slug":"services","status":"publish","type":"page","link":"https:\/\/landbellcanada.com\/fr\/ce-que-nous-couvrons\/services\/","title":{"rendered":"Services"},"content":{"rendered":"<p><div class=\"fusion-fullwidth fullwidth-box fusion-builder-row-1 fusion-flex-container has-pattern-background has-mask-background fusion-parallax-none nonhundred-percent-fullwidth non-hundred-percent-height-scrolling page-hero\" style=\"--awb-border-radius-top-left:0px;--awb-border-radius-top-right:0px;--awb-border-radius-bottom-right:0px;--awb-border-radius-bottom-left:0px;--awb-padding-top:12vh;--awb-padding-bottom:12vh;--awb-margin-top:0px;--awb-margin-bottom:0px;--awb-background-color:var(--awb-color7);--awb-background-image:url(&quot;https:\/\/landbellcanada.com\/wp-content\/uploads\/2023\/03\/Services.jpg&quot;);--awb-background-size:cover;--awb-flex-wrap:wrap;\" ><div class=\"fusion-builder-row fusion-row fusion-flex-align-items-flex-start fusion-flex-content-wrap\" style=\"max-width:1456px;margin-left: calc(-4% \/ 2 );margin-right: calc(-4% \/ 2 );\"><div class=\"fusion-layout-column fusion_builder_column fusion-builder-column-0 fusion_builder_column_1_2 1_2 fusion-flex-column\" style=\"--awb-bg-size:cover;--awb-width-large:50%;--awb-margin-top-large:0px;--awb-spacing-right-large:3.84%;--awb-margin-bottom-large:20px;--awb-spacing-left-large:3.84%;--awb-width-medium:100%;--awb-order-medium:0;--awb-spacing-right-medium:1.92%;--awb-spacing-left-medium:1.92%;--awb-width-small:100%;--awb-order-small:0;--awb-spacing-right-small:1.92%;--awb-spacing-left-small:1.92%;\"><div class=\"fusion-column-wrapper fusion-column-has-shadow fusion-flex-justify-content-flex-start fusion-content-layout-column\"><div class=\"fusion-title title fusion-title-1 fusion-sep-none fusion-title-text fusion-title-size-one\" style=\"--awb-text-color:var(--awb-color1);--awb-margin-top-small:0px;--awb-margin-bottom-small:20px;\"><h1 class=\"fusion-title-heading title-heading-left fusion-responsive-typography-calculated\" style=\"margin:0;text-transform:none;--fontSize:100;line-height:1.2;\">Ce que nous couvrons<\/h1><\/div><div class=\"fusion-text fusion-text-1\" style=\"--awb-font-size:40px;--awb-line-height:var(--awb-typography3-line-height);--awb-letter-spacing:var(--awb-typography3-letter-spacing);--awb-text-transform:var(--awb-typography3-text-transform);--awb-text-color:var(--awb-color1);--awb-text-font-family:var(--awb-typography3-font-family);--awb-text-font-weight:var(--awb-typography3-font-weight);--awb-text-font-style:var(--awb-typography3-font-style);\"><p>Services<\/p>\n<\/div><\/div><\/div><\/div><\/div><div class=\"fusion-fullwidth fullwidth-box fusion-builder-row-2 fusion-flex-container has-pattern-background has-mask-background nonhundred-percent-fullwidth non-hundred-percent-height-scrolling\" style=\"--awb-border-radius-top-left:0px;--awb-border-radius-top-right:0px;--awb-border-radius-bottom-right:0px;--awb-border-radius-bottom-left:0px;--awb-padding-top:40px;--awb-background-color:rgba(244,244,244,0.35);--awb-flex-wrap:wrap;\" ><div class=\"fusion-builder-row fusion-row fusion-flex-align-items-flex-start fusion-flex-content-wrap\" style=\"max-width:1456px;margin-left: calc(-4% \/ 2 );margin-right: calc(-4% \/ 2 );\"><div class=\"fusion-layout-column fusion_builder_column fusion-builder-column-1 fusion_builder_column_1_1 1_1 fusion-flex-column\" style=\"--awb-bg-size:cover;--awb-width-large:100%;--awb-margin-top-large:0px;--awb-spacing-right-large:1.92%;--awb-margin-bottom-large:20px;--awb-spacing-left-large:1.92%;--awb-width-medium:100%;--awb-order-medium:0;--awb-spacing-right-medium:1.92%;--awb-spacing-left-medium:1.92%;--awb-width-small:100%;--awb-order-small:0;--awb-spacing-right-small:1.92%;--awb-spacing-left-small:1.92%;\"><div class=\"fusion-column-wrapper fusion-column-has-shadow fusion-flex-justify-content-flex-start fusion-content-layout-column\"><nav class=\"fusion-breadcrumbs awb-yoast-breadcrumbs fusion-breadcrumbs-1\" style=\"--awb-breadcrumb-sep:&#039;&gt;&#039;;\" aria-label=\"Breadcrumb\"><span><span><a href=\"https:\/\/landbellcanada.com\/fr\/page-daccueil\/\">Frontpage<\/a><\/span><\/span><\/nav><\/div><\/div><\/div><\/div><div class=\"fusion-fullwidth fullwidth-box fusion-builder-row-3 fusion-flex-container has-pattern-background has-mask-background nonhundred-percent-fullwidth non-hundred-percent-height-scrolling\" style=\"--awb-border-radius-top-left:0px;--awb-border-radius-top-right:0px;--awb-border-radius-bottom-right:0px;--awb-border-radius-bottom-left:0px;--awb-padding-top:6vh;--awb-flex-wrap:wrap;\" ><div class=\"fusion-builder-row fusion-row fusion-flex-align-items-flex-start fusion-flex-content-wrap\" style=\"max-width:1456px;margin-left: calc(-4% \/ 2 );margin-right: calc(-4% \/ 2 );\"><div class=\"fusion-layout-column fusion_builder_column fusion-builder-column-2 fusion_builder_column_3_4 3_4 fusion-flex-column\" style=\"--awb-bg-size:cover;--awb-width-large:75%;--awb-margin-top-large:0px;--awb-spacing-right-large:2.56%;--awb-margin-bottom-large:20px;--awb-spacing-left-large:2.56%;--awb-width-medium:100%;--awb-order-medium:0;--awb-spacing-right-medium:1.92%;--awb-spacing-left-medium:1.92%;--awb-width-small:100%;--awb-order-small:0;--awb-spacing-right-small:1.92%;--awb-spacing-left-small:1.92%;\"><div class=\"fusion-column-wrapper fusion-column-has-shadow fusion-flex-justify-content-flex-start fusion-content-layout-column\"><div class=\"fusion-title title fusion-title-2 fusion-sep-none fusion-title-text fusion-title-size-two\" style=\"--awb-margin-top-small:0px;--awb-margin-bottom-small:20px;\"><h2 class=\"fusion-title-heading title-heading-left fusion-responsive-typography-calculated\" style=\"margin:0;text-transform:none;--fontSize:50;line-height:1.2;\">Tirer le meilleur parti de vos ressources et des ressources de la plan\u00e8te<\/h2><\/div><div class=\"fusion-text fusion-text-2\"><p>Le dispositif de responsabilit\u00e9 \u00e9largie des producteurs (REP) de H2 Compliance Canada aide les producteurs \u00e0 se conformer aux obligations l\u00e9gales en mati\u00e8re de responsabilit\u00e9 \u00e9largie des producteurs dans l\u2019Ontario.<\/p>\n<p>H2 Compliance Canada est enregistr\u00e9 en tant que dispositif REP dans l\u2019Ontario pour les mat\u00e9riaux de la bo\u00eete bleue, les \u00e9quipements \u00e9lectriques et \u00e9lectroniques (EEE) et les piles (num\u00e9ro d\u2019enregistrement 00010527) et fournit les services suivants aux producteurs de l\u2019Ontario :<\/p>\n<ul>\n<li>enregistrement aupr\u00e8s de l\u2019autorit\u00e9 comp\u00e9tente<\/li>\n<li>r\u00e9pondre aux exigences de gestion par la collecte, le transport, le traitement, la pr\u00e9paration en vue de la r\u00e9utilisation et la remise en \u00e9tat des mat\u00e9riaux<\/li>\n<li>promotion et \u00e9ducation pour sensibiliser le public \u00e0 la participation proactive des producteurs \u00e0 la r\u00e9solution globale des probl\u00e8mes en mati\u00e8re de d\u00e9chets<\/li>\n<li>rapport<\/li>\n<\/ul>\n<p>Les producteurs n\u2019ont pas \u00e0 affronter seuls des questions r\u00e9glementaires complexes et chronophages. Nous pouvons nous acquitter de vos obligations l\u00e9gales en mati\u00e8re de gestion des mat\u00e9riaux de la bo\u00eete bleue, d\u2019\u00e9quipements \u00e9lectriques et \u00e9lectriques et des piles, en simplifiant le monde complexe de la conformit\u00e9 et des obligations de rapport.<\/p>\n<p>Nous simplifions le recyclage et la mise en conformit\u00e9 et fournissons des services de conformit\u00e9 de haute qualit\u00e9 au meilleur prix possible.<\/p>\n<p>Nos clients nous font confiance pour les aider \u00e0 atteindre leurs objectifs de collecte et nous sommes fiers d\u2019affirmer que nous leur avons toujours rendu cette confiance.<\/p><\/p>\n<\/div><div ><a class=\"fusion-button button-flat fusion-button-default-size button-default fusion-button-default button-1 fusion-button-default-span fusion-button-default-type erp-button\" target=\"_self\" href=\"https:\/\/landbellcanada.com\/fr\/flux\/\"><span class=\"fusion-button-text awb-button__text awb-button__text--default\">Flux de d\u00e9chets que nous couvrons ici<\/span><\/a><\/div><\/div><\/div><\/div><\/div><div id=\"countries\" class=\"fusion-container-anchor\"><div class=\"fusion-fullwidth fullwidth-box fusion-builder-row-4 fusion-flex-container has-pattern-background has-mask-background nonhundred-percent-fullwidth non-hundred-percent-height-scrolling\" style=\"--awb-border-radius-top-left:0px;--awb-border-radius-top-right:0px;--awb-border-radius-bottom-right:0px;--awb-border-radius-bottom-left:0px;--awb-padding-top:12vh;--awb-padding-bottom:12vh;--awb-background-color:rgba(244,244,244,0.35);--awb-flex-wrap:wrap;\" ><div class=\"fusion-builder-row fusion-row fusion-flex-align-items-flex-start fusion-flex-content-wrap\" style=\"max-width:1456px;margin-left: calc(-4% \/ 2 );margin-right: calc(-4% \/ 2 );\"><div class=\"fusion-layout-column fusion_builder_column fusion-builder-column-3 fusion_builder_column_1_1 1_1 fusion-flex-column\" style=\"--awb-bg-size:cover;--awb-width-large:100%;--awb-margin-top-large:0px;--awb-spacing-right-large:1.92%;--awb-margin-bottom-large:20px;--awb-spacing-left-large:1.92%;--awb-width-medium:100%;--awb-order-medium:0;--awb-spacing-right-medium:1.92%;--awb-spacing-left-medium:1.92%;--awb-width-small:100%;--awb-order-small:0;--awb-spacing-right-small:1.92%;--awb-spacing-left-small:1.92%;\"><div class=\"fusion-column-wrapper fusion-column-has-shadow fusion-flex-justify-content-flex-start fusion-content-layout-column\"><div class=\"fusion-tabs fusion-tabs-1 clean nav-is-justified erp-links horizontal-tabs icon-position-left mobile-mode-accordion\" style=\"--awb-title-border-radius-top-left:0px;--awb-title-border-radius-top-right:0px;--awb-title-border-radius-bottom-right:0px;--awb-title-border-radius-bottom-left:0px;--awb-title-font-size:32px;--awb-title-line-height:1.3;--awb-alignment:start;--awb-inactive-color:hsla(var(--awb-color8-h),var(--awb-color8-s),calc(var(--awb-color8-l) + 96%),var(--awb-color8-a));--awb-background-color:var(--awb-color1);--awb-border-color:var(--awb-color3);--awb-active-border-color:var(--awb-color5);\"><div class=\"nav\"><ul class=\"nav-tabs nav-justified\" role=\"tablist\"><li class=\"active\" role=\"presentation\"><a class=\"tab-link\" data-toggle=\"tab\" role=\"tab\" aria-controls=\"tab-5a0fccc05b17dfdb01e\" aria-selected=\"true\" id=\"fusion-tab-o\u00f9nousoperons\" href=\"#tab-5a0fccc05b17dfdb01e\"><h3 class=\"fusion-tab-heading\">O\u00f9 nous operons<\/h3><\/a><\/li><li role=\"presentation\"><a class=\"tab-link\" data-toggle=\"tab\" role=\"tab\" aria-controls=\"tab-814a46f5acc349856cb\" aria-selected=\"false\" tabindex=\"-1\" id=\"fusion-tab-quefaisons-nousd\u2019autre\" href=\"#tab-814a46f5acc349856cb\"><h3 class=\"fusion-tab-heading\">Que faisons-nous d\u2019autre<\/h3><\/a><\/li><\/ul><\/div><div class=\"tab-content\"><div class=\"nav fusion-mobile-tab-nav\"><ul class=\"nav-tabs nav-justified\" role=\"tablist\"><li class=\"active\" role=\"presentation\"><a class=\"tab-link\" data-toggle=\"tab\" role=\"tab\" aria-controls=\"tab-5a0fccc05b17dfdb01e\" aria-selected=\"true\" id=\"mobile-fusion-tab-o\u00f9nousoperons\" href=\"#tab-5a0fccc05b17dfdb01e\"><h3 class=\"fusion-tab-heading\">O\u00f9 nous operons<\/h3><\/a><\/li><\/ul><\/div><div class=\"tab-pane fade fusion-clearfix in active\" role=\"tabpanel\" tabindex=\"0\" aria-labelledby=\"fusion-tab-o\u00f9nousoperons\" id=\"tab-5a0fccc05b17dfdb01e\">\n<ul class=\"countries\">\n<li><a href=\"https:\/\/erp-recycling.org\/de-at\/\" target=\"_blank\" rel=\"noopener\">Austria<\/a><\/li>\n<li><a href=\"https:\/\/erp-recycling.org\/br-bra\/\" target=\"_blank\" rel=\"noopener\">Brazil<\/a><\/li>\n<li><a href=\"https:\/\/erp-recycling.org\/zh-cn\/\" target=\"_blank\" rel=\"noopener\">China<\/a><\/li>\n<li><a href=\"https:\/\/erp-recycling.org\/da-dk\/\" target=\"_blank\" rel=\"noopener\">Denmark<\/a><\/li>\n<li><a href=\"https:\/\/erp-recycling.org\/de-de\/\" target=\"_blank\" rel=\"noopener\">Deutschland<\/a><\/li>\n<li><a href=\"https:\/\/erp-recycling.org\/fi-fi\/\" target=\"_blank\" rel=\"noopener\">Finland<\/a><\/li>\n<li><a href=\"https:\/\/erp-recycling.org\/fr-fr\/\" target=\"_blank\" rel=\"noopener\">France<\/a><\/li>\n<li><a href=\"https:\/\/www.landbell-gfs.in\/\" target=\"_blank\" rel=\"noopener\">India<\/a><\/li>\n<li><a href=\"https:\/\/erp-recycling.org\/ie\/\" target=\"_blank\" rel=\"noopener\">Ireland<\/a><\/li>\n<li><a href=\"https:\/\/www.ecommunity-erp.co.il\/\" target=\"_blank\" rel=\"noopener\">Israel<\/a><\/li>\n<li><a href=\"https:\/\/erp-recycling.org\/it-it\/\" target=\"_blank\" rel=\"noopener\">Italy<\/a><\/li>\n<li><a href=\"https:\/\/erp-recycling.org\/ja-jp\/\" target=\"_blank\" rel=\"noopener\">Japan<\/a><\/li>\n<li><a href=\"https:\/\/www.en.weee.nl\/nl\" target=\"_blank\" rel=\"noopener\">Netherlands<\/a><\/li>\n<li><a href=\"https:\/\/erp-recycling.org\/no-no\/\" target=\"_blank\" rel=\"noopener\">Norway<\/a><\/li>\n<li><a href=\"https:\/\/erp-recycling.org\/pl-pl\/\" target=\"_blank\" rel=\"noopener\">Poland<\/a><\/li>\n<li><a href=\"https:\/\/erp-recycling.org\/pt-pt\/\" target=\"_blank\" rel=\"noopener\">Portugal<\/a><\/li>\n<li><a href=\"https:\/\/www.erp-recycling.sk\/\" target=\"_blank\" rel=\"noopener\">Slovakia<\/a><\/li>\n<li><a href=\"https:\/\/erp-recycling.org\/es-es\/\" target=\"_blank\" rel=\"noopener\">Spain<\/a><\/li>\n<li><a href=\"https:\/\/erp-recycling.org\/uk\/\" target=\"_blank\" rel=\"noopener\">United Kingdom<\/a><\/li>\n<\/ul>\n<\/div><div class=\"nav fusion-mobile-tab-nav\"><ul class=\"nav-tabs nav-justified\" role=\"tablist\"><li role=\"presentation\"><a class=\"tab-link\" data-toggle=\"tab\" role=\"tab\" aria-controls=\"tab-814a46f5acc349856cb\" aria-selected=\"false\" tabindex=\"-1\" id=\"mobile-fusion-tab-quefaisons-nousd\u2019autre\" href=\"#tab-814a46f5acc349856cb\"><h3 class=\"fusion-tab-heading\">Que faisons-nous d\u2019autre<\/h3><\/a><\/li><\/ul><\/div><div class=\"tab-pane fade fusion-clearfix\" role=\"tabpanel\" tabindex=\"0\" aria-labelledby=\"fusion-tab-quefaisons-nousd\u2019autre\" id=\"tab-814a46f5acc349856cb\">\n<ul class=\"countries\">\n<li class=\"red\"><a href=\"https:\/\/landbell-group.com\/compliance-services\/\" target=\"_blank\" rel=\"noopener\">Compliance Services<\/a><\/li>\n<li class=\"red\"><a href=\"https:\/\/landbell-group.com\/compliance-services\/easyshop\/\" target=\"_blank\" rel=\"noopener\">EASyShop<\/a><\/li>\n<li class=\"blue\"><a href=\"https:\/\/landbell-group.com\/global-takeback\/\" target=\"_blank\" rel=\"noopener\">Global Takeback Consulting<\/a><\/li>\n<li class=\"blue\"><a href=\"https:\/\/landbell-group.com\/environmental-compliance-consulting\/\" target=\"_blank\" rel=\"noopener\">Environmental Compliance Consulting<\/a><\/li>\n<li class=\"blue\"><a href=\"https:\/\/landbell-group.com\/regulatory-tracking-services\/\" target=\"_blank\" rel=\"noopener\">Regulatory Tracking<\/a><\/li>\n<li class=\"blue\"><a href=\"https:\/\/landbell-group.com\/chemical-compliance\/\" target=\"_blank\" rel=\"noopener\">Chemical Compliance Consulting<\/a><\/li>\n<li class=\"light-blue\"><a href=\"https:\/\/landbell-group.com\/circular-economy-software\/\" target=\"_blank\" rel=\"noopener\">Circular Economy Software<\/a><\/li>\n<li class=\"green\"><a href=\"https:\/\/landbell-group.com\/circular-economy-solutions\/\" target=\"_blank\" rel=\"noopener\">Circular Economy Solutions<\/a><\/li>\n<\/ul>\n<\/div><\/div><\/div><\/div><\/div><\/div><\/div><\/div>\n<div class=\"fusion-fullwidth fullwidth-box fusion-builder-row-5 fusion-flex-container has-pattern-background has-mask-background nonhundred-percent-fullwidth non-hundred-percent-height-scrolling fusion-custom-z-index fusion-absolute-container fusion-absolute-position-small fusion-absolute-position-medium fusion-absolute-position-large\" style=\"--awb-border-radius-top-left:0px;--awb-border-radius-top-right:0px;--awb-border-radius-bottom-right:0px;--awb-border-radius-bottom-left:0px;--awb-z-index:999;--awb-flex-wrap:wrap;\" ><div class=\"fusion-builder-row fusion-row fusion-flex-align-items-flex-start fusion-flex-justify-content-flex-end fusion-flex-content-wrap\" style=\"max-width:1456px;margin-left: calc(-4% \/ 2 );margin-right: calc(-4% \/ 2 );\"><div class=\"fusion-layout-column fusion_builder_column fusion-builder-column-4 fusion_builder_column_1_4 1_4 fusion-flex-column\" style=\"--awb-bg-size:cover;--awb-width-large:25%;--awb-margin-top-large:0px;--awb-spacing-right-large:7.68%;--awb-margin-bottom-large:20px;--awb-spacing-left-large:7.68%;--awb-width-medium:100%;--awb-order-medium:0;--awb-spacing-right-medium:1.92%;--awb-spacing-left-medium:1.92%;--awb-width-small:100%;--awb-order-small:0;--awb-spacing-right-small:1.92%;--awb-spacing-left-small:1.92%;\"><div class=\"fusion-column-wrapper fusion-column-has-shadow fusion-flex-justify-content-flex-start fusion-content-layout-column\"><a class=\"square-member\" href=\"\/h2c\/contact\/\">Devenez <br> \nmember <br>d\u00e8s aujourd'hui<\/a><\/div><\/div><\/div><\/div>\n<\/p>\n","protected":false},"excerpt":{"rendered":"","protected":false},"author":1,"featured_media":9446,"parent":10233,"menu_order":0,"comment_status":"closed","ping_status":"closed","template":"100-width.php","meta":{"_acf_changed":false,"inline_featured_image":false,"footnotes":""},"class_list":["post-10150","page","type-page","status-publish","has-post-thumbnail","hentry"],"acf":[],"yoast_head":"<!-- This site is optimized with the Yoast SEO plugin v27.2 - https:\/\/yoast.com\/product\/yoast-seo-wordpress\/ -->\n<title>Services | Landbell Canada<\/title>\n<meta name=\"robots\" content=\"index, follow, max-snippet:-1, max-image-preview:large, max-video-preview:-1\" \/>\n<link rel=\"canonical\" href=\"https:\/\/landbellcanada.com\/fr\/ce-que-nous-couvrons\/services\/\" \/>\n<meta property=\"og:locale\" content=\"fr_FR\" \/>\n<meta property=\"og:type\" content=\"article\" \/>\n<meta property=\"og:title\" content=\"Services | Landbell Canada\" \/>\n<meta property=\"og:url\" content=\"https:\/\/landbellcanada.com\/fr\/ce-que-nous-couvrons\/services\/\" \/>\n<meta property=\"og:site_name\" content=\"Landbell Canada\" \/>\n<meta property=\"article:modified_time\" content=\"2023-03-30T20:33:52+00:00\" \/>\n<meta property=\"og:image\" content=\"https:\/\/landbellcanada.com\/wp-content\/uploads\/2023\/03\/Services.jpg\" \/>\n\t<meta property=\"og:image:width\" content=\"2121\" \/>\n\t<meta property=\"og:image:height\" content=\"1414\" \/>\n\t<meta property=\"og:image:type\" content=\"image\/jpeg\" \/>\n<meta name=\"twitter:card\" content=\"summary_large_image\" \/>\n<meta name=\"twitter:label1\" content=\"Dur\u00e9e de lecture estim\u00e9e\" \/>\n\t<meta name=\"twitter:data1\" content=\"10 minutes\" \/>\n<script type=\"application\/ld+json\" class=\"yoast-schema-graph\">{\"@context\":\"https:\/\/schema.org\",\"@graph\":[{\"@type\":\"WebPage\",\"@id\":\"https:\/\/landbellcanada.com\/fr\/ce-que-nous-couvrons\/services\/\",\"url\":\"https:\/\/landbellcanada.com\/fr\/ce-que-nous-couvrons\/services\/\",\"name\":\"Services | Landbell Canada\",\"isPartOf\":{\"@id\":\"https:\/\/landbellcanada.com\/fr\/#website\"},\"primaryImageOfPage\":{\"@id\":\"https:\/\/landbellcanada.com\/fr\/ce-que-nous-couvrons\/services\/#primaryimage\"},\"image\":{\"@id\":\"https:\/\/landbellcanada.com\/fr\/ce-que-nous-couvrons\/services\/#primaryimage\"},\"thumbnailUrl\":\"https:\/\/landbellcanada.com\/wp-content\/uploads\/2023\/03\/Services.jpg\",\"datePublished\":\"2023-03-08T09:46:19+00:00\",\"dateModified\":\"2023-03-30T20:33:52+00:00\",\"breadcrumb\":{\"@id\":\"https:\/\/landbellcanada.com\/fr\/ce-que-nous-couvrons\/services\/#breadcrumb\"},\"inLanguage\":\"fr-FR\",\"potentialAction\":[{\"@type\":\"ReadAction\",\"target\":[\"https:\/\/landbellcanada.com\/fr\/ce-que-nous-couvrons\/services\/\"]}]},{\"@type\":\"ImageObject\",\"inLanguage\":\"fr-FR\",\"@id\":\"https:\/\/landbellcanada.com\/fr\/ce-que-nous-couvrons\/services\/#primaryimage\",\"url\":\"https:\/\/landbellcanada.com\/wp-content\/uploads\/2023\/03\/Services.jpg\",\"contentUrl\":\"https:\/\/landbellcanada.com\/wp-content\/uploads\/2023\/03\/Services.jpg\",\"width\":2121,\"height\":1414},{\"@type\":\"BreadcrumbList\",\"@id\":\"https:\/\/landbellcanada.com\/fr\/ce-que-nous-couvrons\/services\/#breadcrumb\",\"itemListElement\":[{\"@type\":\"ListItem\",\"position\":1,\"name\":\"Frontpage\",\"item\":\"https:\/\/landbellcanada.com\/fr\/page-daccueil\/\"},{\"@type\":\"ListItem\",\"position\":2,\"name\":\"Ce que nous couvrons\",\"item\":\"https:\/\/landbellcanada.com\/fr\/ce-que-nous-couvrons\/\"},{\"@type\":\"ListItem\",\"position\":3,\"name\":\"Services\"}]},{\"@type\":\"WebSite\",\"@id\":\"https:\/\/landbellcanada.com\/fr\/#website\",\"url\":\"https:\/\/landbellcanada.com\/fr\/\",\"name\":\"Landbell Canada\",\"description\":\"ITT\/AV, battery, and Blue Box Material recycling across North America.\",\"potentialAction\":[{\"@type\":\"SearchAction\",\"target\":{\"@type\":\"EntryPoint\",\"urlTemplate\":\"https:\/\/landbellcanada.com\/fr\/?s={search_term_string}\"},\"query-input\":{\"@type\":\"PropertyValueSpecification\",\"valueRequired\":true,\"valueName\":\"search_term_string\"}}],\"inLanguage\":\"fr-FR\"}]}<\/script>\n<!-- \/ Yoast SEO plugin. -->","yoast_head_json":{"title":"Services | Landbell Canada","robots":{"index":"index","follow":"follow","max-snippet":"max-snippet:-1","max-image-preview":"max-image-preview:large","max-video-preview":"max-video-preview:-1"},"canonical":"https:\/\/landbellcanada.com\/fr\/ce-que-nous-couvrons\/services\/","og_locale":"fr_FR","og_type":"article","og_title":"Services | Landbell Canada","og_url":"https:\/\/landbellcanada.com\/fr\/ce-que-nous-couvrons\/services\/","og_site_name":"Landbell Canada","article_modified_time":"2023-03-30T20:33:52+00:00","og_image":[{"width":2121,"height":1414,"url":"https:\/\/landbellcanada.com\/wp-content\/uploads\/2023\/03\/Services.jpg","type":"image\/jpeg"}],"twitter_card":"summary_large_image","twitter_misc":{"Dur\u00e9e de lecture estim\u00e9e":"10 minutes"},"schema":{"@context":"https:\/\/schema.org","@graph":[{"@type":"WebPage","@id":"https:\/\/landbellcanada.com\/fr\/ce-que-nous-couvrons\/services\/","url":"https:\/\/landbellcanada.com\/fr\/ce-que-nous-couvrons\/services\/","name":"Services | Landbell Canada","isPartOf":{"@id":"https:\/\/landbellcanada.com\/fr\/#website"},"primaryImageOfPage":{"@id":"https:\/\/landbellcanada.com\/fr\/ce-que-nous-couvrons\/services\/#primaryimage"},"image":{"@id":"https:\/\/landbellcanada.com\/fr\/ce-que-nous-couvrons\/services\/#primaryimage"},"thumbnailUrl":"https:\/\/landbellcanada.com\/wp-content\/uploads\/2023\/03\/Services.jpg","datePublished":"2023-03-08T09:46:19+00:00","dateModified":"2023-03-30T20:33:52+00:00","breadcrumb":{"@id":"https:\/\/landbellcanada.com\/fr\/ce-que-nous-couvrons\/services\/#breadcrumb"},"inLanguage":"fr-FR","potentialAction":[{"@type":"ReadAction","target":["https:\/\/landbellcanada.com\/fr\/ce-que-nous-couvrons\/services\/"]}]},{"@type":"ImageObject","inLanguage":"fr-FR","@id":"https:\/\/landbellcanada.com\/fr\/ce-que-nous-couvrons\/services\/#primaryimage","url":"https:\/\/landbellcanada.com\/wp-content\/uploads\/2023\/03\/Services.jpg","contentUrl":"https:\/\/landbellcanada.com\/wp-content\/uploads\/2023\/03\/Services.jpg","width":2121,"height":1414},{"@type":"BreadcrumbList","@id":"https:\/\/landbellcanada.com\/fr\/ce-que-nous-couvrons\/services\/#breadcrumb","itemListElement":[{"@type":"ListItem","position":1,"name":"Frontpage","item":"https:\/\/landbellcanada.com\/fr\/page-daccueil\/"},{"@type":"ListItem","position":2,"name":"Ce que nous couvrons","item":"https:\/\/landbellcanada.com\/fr\/ce-que-nous-couvrons\/"},{"@type":"ListItem","position":3,"name":"Services"}]},{"@type":"WebSite","@id":"https:\/\/landbellcanada.com\/fr\/#website","url":"https:\/\/landbellcanada.com\/fr\/","name":"Landbell Canada","description":"ITT\/AV, battery, and Blue Box Material recycling across North America.","potentialAction":[{"@type":"SearchAction","target":{"@type":"EntryPoint","urlTemplate":"https:\/\/landbellcanada.com\/fr\/?s={search_term_string}"},"query-input":{"@type":"PropertyValueSpecification","valueRequired":true,"valueName":"search_term_string"}}],"inLanguage":"fr-FR"}]}},"_links":{"self":[{"href":"https:\/\/landbellcanada.com\/fr\/wp-json\/wp\/v2\/pages\/10150","targetHints":{"allow":["GET"]}}],"collection":[{"href":"https:\/\/landbellcanada.com\/fr\/wp-json\/wp\/v2\/pages"}],"about":[{"href":"https:\/\/landbellcanada.com\/fr\/wp-json\/wp\/v2\/types\/page"}],"author":[{"embeddable":true,"href":"https:\/\/landbellcanada.com\/fr\/wp-json\/wp\/v2\/users\/1"}],"replies":[{"embeddable":true,"href":"https:\/\/landbellcanada.com\/fr\/wp-json\/wp\/v2\/comments?post=10150"}],"version-history":[{"count":0,"href":"https:\/\/landbellcanada.com\/fr\/wp-json\/wp\/v2\/pages\/10150\/revisions"}],"up":[{"embeddable":true,"href":"https:\/\/landbellcanada.com\/fr\/wp-json\/wp\/v2\/pages\/10233"}],"wp:featuredmedia":[{"embeddable":true,"href":"https:\/\/landbellcanada.com\/fr\/wp-json\/wp\/v2\/media\/9446"}],"wp:attachment":[{"href":"https:\/\/landbellcanada.com\/fr\/wp-json\/wp\/v2\/media?parent=10150"}],"curies":[{"name":"wp","href":"https:\/\/api.w.org\/{rel}","templated":true}]}}